{"id":52,"date":"2025-06-14T18:11:36","date_gmt":"2025-06-14T16:11:36","guid":{"rendered":"https:\/\/domkipodgorka.pl\/?page_id=52"},"modified":"2025-06-15T21:14:31","modified_gmt":"2025-06-15T19:14:31","slug":"reerwacje-i-kontakt","status":"publish","type":"page","link":"https:\/\/domkipodgorka.pl\/index.php\/reerwacje-i-kontakt\/","title":{"rendered":"Rezrwacje i kontakt"},"content":{"rendered":"\n<p>Chcesz dokona\u0107 rezerwacji, a mo\u017ce po prostu chcesz dowiedzie\u0107 si\u0119 wi\u0119cej?<br>Napisz lub zadzwo\u0144 do nas \u2013 odpowiadamy szybciej ni\u017c my\u015blisz!<\/p>\n\n\n\n<p>telefon: 512 616 887 <\/p>\n<p>email: <a href=\"mailto:domkipodgorka@gmail.com\">domkipodgorka@gmail.com<\/a><\/p>\n\n\n\n<p>Kalendarz dost\u0119pno\u015bci<\/p>\n\n\n\n<br>Domek 1<\/br>\n<iframe loading=\"lazy\" src=\"https:\/\/calendar.google.com\/calendar\/embed?height=400&#038;wkst=2&#038;ctz=Europe%2FWarsaw&#038;showPrint=0&#038;showTz=0&#038;showCalendars=0&#038;showTabs=0&#038;title=Domek%201&#038;showTitle=0&#038;src=MmFiYThiNDk4NWU4OTU3Njg5YjgzOWFlNWQ0NDg5YjI5YjNkMjY4NmIxYzIxZjU1MDc5ZDM4Zjc0NjBlNTdkOUBncm91cC5jYWxlbmRhci5nb29nbGUuY29t&#038;color=%23ef6c00\" style=\"border-width:0\" width=\"450\" height=\"400\" frameborder=\"0\" scrolling=\"no\"><\/iframe>\n\n\n\n<p><\/p>\n<br>Domek 2<\/br>\n<iframe loading=\"lazy\" src=\"https:\/\/calendar.google.com\/calendar\/embed?height=400&#038;wkst=2&#038;ctz=Europe%2FWarsaw&#038;showPrint=0&#038;title=Domek%202&#038;showTz=0&#038;showCalendars=0&#038;showTabs=0&#038;showTitle=0&#038;src=YjhhN2VlMzc1MWNlNWNlMzYxNGFhNDA1ZDdmMjg5ODBkY2Y5ZGYwN2YxZDZlNDc2ZGY0YzI1M2FhZjc0MTRiNEBncm91cC5jYWxlbmRhci5nb29nbGUuY29t&#038;color=%23009688\" style=\"border-width:0\" width=\"450\" height=\"400\" frameborder=\"0\" scrolling=\"no\"><\/iframe>\n","protected":false},"excerpt":{"rendered":"<p>Chcesz dokona\u0107 rezerwacji, a mo\u017ce po prostu chcesz dowiedzie\u0107 si\u0119 wi\u0119cej?Napisz lub zadzwo\u0144 do nas \u2013 [&hellip;]<\/p>\n","protected":false},"author":1,"featured_media":0,"parent":0,"menu_order":0,"comment_status":"closed","ping_status":"closed","template":"","meta":{"footnotes":""},"class_list":["post-52","page","type-page","status-publish","hentry"],"_links":{"self":[{"href":"https:\/\/domkipodgorka.pl\/index.php\/wp-json\/wp\/v2\/pages\/52","targetHints":{"allow":["GET"]}}],"collection":[{"href":"https:\/\/domkipodgorka.pl\/index.php\/wp-json\/wp\/v2\/pages"}],"about":[{"href":"https:\/\/domkipodgorka.pl\/index.php\/wp-json\/wp\/v2\/types\/page"}],"author":[{"embeddable":true,"href":"https:\/\/domkipodgorka.pl\/index.php\/wp-json\/wp\/v2\/users\/1"}],"replies":[{"embeddable":true,"href":"https:\/\/domkipodgorka.pl\/index.php\/wp-json\/wp\/v2\/comments?post=52"}],"version-history":[{"count":18,"href":"https:\/\/domkipodgorka.pl\/index.php\/wp-json\/wp\/v2\/pages\/52\/revisions"}],"predecessor-version":[{"id":79,"href":"https:\/\/domkipodgorka.pl\/index.php\/wp-json\/wp\/v2\/pages\/52\/revisions\/79"}],"wp:attachment":[{"href":"https:\/\/domkipodgorka.pl\/index.php\/wp-json\/wp\/v2\/media?parent=52"}],"curies":[{"name":"wp","href":"https:\/\/api.w.org\/{rel}","templated":true}]}}