{"id":2,"date":"2025-04-17T20:58:37","date_gmt":"2025-04-17T18:58:37","guid":{"rendered":"http:\/\/testwp68-ai.you2.pl\/?page_id=2"},"modified":"2025-06-15T21:15:25","modified_gmt":"2025-06-15T19:15:25","slug":"przykladowa-strona","status":"publish","type":"page","link":"https:\/\/domkipodgorka.pl\/index.php\/przykladowa-strona\/","title":{"rendered":"O nas"},"content":{"rendered":"\n<p>Zapraszamy do wynajmu dw\u00f3ch urokliwych, drewnianych domk\u00f3w po\u0142o\u017conych w malowniczej miejscowo\u015bci <strong>Ba\u0144ska Ni\u017cna<\/strong>, w sercu Podhala. To idealne miejsce na wypoczynek dla rodzin, par i grup przyjaci\u00f3\u0142 \u2013 z dala od zgie\u0142ku miasta, a jednocze\u015bnie blisko najciekawszych atrakcji regionu.<\/p>\n\n\n\n<p>W ofercie znajduj\u0105 si\u0119 <strong>dwa komfortowe, ca\u0142oroczne domki<\/strong>, ka\u017cdy mog\u0105cy pomie\u015bci\u0107 do 6 os\u00f3b. Domki wyposa\u017cone s\u0105 w salon, aneks kuchenny, dwie \u0142azienki (parter i pi\u0119tro) oraz sypialnie na pi\u0119trze. Dla go\u015bci dost\u0119pne darmowe Wi-Fi. Na zewn\u0105trz spok\u00f3j, g\u00f3ry i cuda natury.<\/p>\n\n\n\n<figure class=\"wp-block-gallery has-nested-images columns-default is-cropped wp-block-gallery-1 is-layout-flex wp-block-gallery-is-layout-flex\">\n<figure class=\"wp-block-image size-large\"><img loading=\"lazy\" decoding=\"async\" width=\"1024\" height=\"768\" data-id=\"47\" src=\"https:\/\/domkipodgorka.pl\/wp-content\/uploads\/2025\/06\/1748803362199-1-1024x768.jpg\" alt=\"\" class=\"wp-image-47\" srcset=\"https:\/\/domkipodgorka.pl\/wp-content\/uploads\/2025\/06\/1748803362199-1-1024x768.jpg 1024w, https:\/\/domkipodgorka.pl\/wp-content\/uploads\/2025\/06\/1748803362199-1-300x225.jpg 300w, https:\/\/domkipodgorka.pl\/wp-content\/uploads\/2025\/06\/1748803362199-1-768x576.jpg 768w, https:\/\/domkipodgorka.pl\/wp-content\/uploads\/2025\/06\/1748803362199-1-1536x1152.jpg 1536w, https:\/\/domkipodgorka.pl\/wp-content\/uploads\/2025\/06\/1748803362199-1-2048x1536.jpg 2048w\" sizes=\"auto, (max-width: 1024px) 100vw, 1024px\" \/><\/figure>\n\n\n\n<figure class=\"wp-block-image size-large\"><img loading=\"lazy\" decoding=\"async\" width=\"1024\" height=\"768\" data-id=\"46\" src=\"https:\/\/domkipodgorka.pl\/wp-content\/uploads\/2025\/06\/1748803362203-1024x768.jpg\" alt=\"\" class=\"wp-image-46\" srcset=\"https:\/\/domkipodgorka.pl\/wp-content\/uploads\/2025\/06\/1748803362203-1024x768.jpg 1024w, https:\/\/domkipodgorka.pl\/wp-content\/uploads\/2025\/06\/1748803362203-300x225.jpg 300w, https:\/\/domkipodgorka.pl\/wp-content\/uploads\/2025\/06\/1748803362203-768x576.jpg 768w, https:\/\/domkipodgorka.pl\/wp-content\/uploads\/2025\/06\/1748803362203-1536x1152.jpg 1536w, https:\/\/domkipodgorka.pl\/wp-content\/uploads\/2025\/06\/1748803362203-2048x1536.jpg 2048w\" sizes=\"auto, (max-width: 1024px) 100vw, 1024px\" \/><\/figure>\n\n\n\n<figure class=\"wp-block-image size-large\"><img loading=\"lazy\" decoding=\"async\" width=\"768\" height=\"1024\" data-id=\"45\" src=\"https:\/\/domkipodgorka.pl\/wp-content\/uploads\/2025\/06\/1748803362209-768x1024.jpg\" alt=\"\" class=\"wp-image-45\" srcset=\"https:\/\/domkipodgorka.pl\/wp-content\/uploads\/2025\/06\/1748803362209-768x1024.jpg 768w, https:\/\/domkipodgorka.pl\/wp-content\/uploads\/2025\/06\/1748803362209-225x300.jpg 225w, https:\/\/domkipodgorka.pl\/wp-content\/uploads\/2025\/06\/1748803362209-1152x1536.jpg 1152w, https:\/\/domkipodgorka.pl\/wp-content\/uploads\/2025\/06\/1748803362209-1536x2048.jpg 1536w, https:\/\/domkipodgorka.pl\/wp-content\/uploads\/2025\/06\/1748803362209-scaled.jpg 1920w\" sizes=\"auto, (max-width: 768px) 100vw, 768px\" \/><\/figure>\n<\/figure>\n\n\n\n<p>Cho\u0107 sami kochamy zwierz\u0119ta, nasz obiekt nie jest przystosowany do ich pobytu. Prosimy wi\u0119c o pozostawienie pupili w domowym zaciszu \u2013 dzi\u0119kujemy za zrozumienie.<\/p>\n\n\n\n<p><strong>Atrakcje w okolicy:<\/strong><\/p>\n\n\n\n<ul class=\"wp-block-list\">\n<li><strong>Termy w Ba\u0144skiej Ni\u017cnej<\/strong> \u2013 kameralne miejsce na relaks z gor\u0105cymi wodami termalnymi (zaledwie 10 minut spacerem),<\/li>\n\n\n\n<li><strong>Gor\u0105cy Potok w Szaflarach<\/strong> \u2013 baseny termalne na \u015bwie\u017cym powietrzu (3 km),<\/li>\n\n\n\n<li><strong>Stok narciarski w Z\u0119bie<\/strong> \u2013 idealny dla pocz\u0105tkuj\u0105cych i rodzin z dzie\u0107mi (ok. 10 km),<\/li>\n\n\n\n<li><strong>Termy Chocho\u0142owskie i Bania w Bia\u0142ce Tatrza\u0144skiej<\/strong> \u2013 nowoczesne kompleksy basenowe z saunami, zje\u017cd\u017calniami i SPA,<\/li>\n\n\n\n<li><strong>Zakopane<\/strong> \u2013 stolica polskich Tatr z Krup\u00f3wkami, Guba\u0142\u00f3wk\u0105 i szlakami g\u00f3rskimi (15 km),<\/li>\n\n\n\n<li>Liczne trasy piesze i rowerowe z widokiem na Tatry, zim\u0105 trasy biegowe i kuligi.<\/li>\n<\/ul>\n\n\n\n<ul class=\"wp-block-list\">\n<li><\/li>\n<\/ul>\n\n\n\n<p>Ba\u0144ska Ni\u017cna to \u015bwietna baza wypadowa do zwiedzania ca\u0142ego Podhala \u2013 od Tatr po Pieniny. Tutaj odpoczniesz, nabierzesz energii i poczujesz prawdziwy g\u00f3ralski klimat.<\/p>\n\n\n\n<p><strong>Zarezerwuj ju\u017c dzi\u015b i przekonaj si\u0119, jak pi\u0119kne s\u0105 polskie g\u00f3ry o ka\u017cdej porze roku!<\/strong><\/p>\n\n\n\n<p><\/p>\n","protected":false},"excerpt":{"rendered":"<p>Zapraszamy do wynajmu dw\u00f3ch urokliwych, drewnianych domk\u00f3w po\u0142o\u017conych w malowniczej miejscowo\u015bci Ba\u0144ska Ni\u017cna, w sercu Podhala. [&hellip;]<\/p>\n","protected":false},"author":1,"featured_media":0,"parent":0,"menu_order":0,"comment_status":"closed","ping_status":"closed","template":"template-full-width.php","meta":{"footnotes":""},"class_list":["post-2","page","type-page","status-publish","hentry"],"_links":{"self":[{"href":"https:\/\/domkipodgorka.pl\/index.php\/wp-json\/wp\/v2\/pages\/2","targetHints":{"allow":["GET"]}}],"collection":[{"href":"https:\/\/domkipodgorka.pl\/index.php\/wp-json\/wp\/v2\/pages"}],"about":[{"href":"https:\/\/domkipodgorka.pl\/index.php\/wp-json\/wp\/v2\/types\/page"}],"author":[{"embeddable":true,"href":"https:\/\/domkipodgorka.pl\/index.php\/wp-json\/wp\/v2\/users\/1"}],"replies":[{"embeddable":true,"href":"https:\/\/domkipodgorka.pl\/index.php\/wp-json\/wp\/v2\/comments?post=2"}],"version-history":[{"count":13,"href":"https:\/\/domkipodgorka.pl\/index.php\/wp-json\/wp\/v2\/pages\/2\/revisions"}],"predecessor-version":[{"id":80,"href":"https:\/\/domkipodgorka.pl\/index.php\/wp-json\/wp\/v2\/pages\/2\/revisions\/80"}],"wp:attachment":[{"href":"https:\/\/domkipodgorka.pl\/index.php\/wp-json\/wp\/v2\/media?parent=2"}],"curies":[{"name":"wp","href":"https:\/\/api.w.org\/{rel}","templated":true}]}}